{"id":1607,"date":"2021-03-30T13:05:54","date_gmt":"2021-03-30T11:05:54","guid":{"rendered":"https:\/\/thinktwice.management\/stress-test\/"},"modified":"2022-08-01T13:21:40","modified_gmt":"2022-08-01T11:21:40","slug":"stress-test","status":"publish","type":"page","link":"https:\/\/thinktwice.management\/it\/stress-test\/","title":{"rendered":"stress test"},"content":{"rendered":"\t\t<div data-elementor-type=\"wp-page\" data-elementor-id=\"1607\" class=\"elementor elementor-1607 elementor-204\" data-elementor-settings=\"{&quot;ha_cmc_init_switcher&quot;:&quot;no&quot;}\" data-elementor-post-type=\"page\">\n\t\t\t\t\t\t<section class=\"elementor-section elementor-top-section elementor-element elementor-element-1108600f elementor-section-boxed elementor-section-height-default elementor-section-height-default\" data-id=\"1108600f\" data-element_type=\"section\" data-settings=\"{&quot;_ha_eqh_enable&quot;:false}\">\n\t\t\t\t\t\t<div class=\"elementor-container elementor-column-gap-default\">\n\t\t\t\t\t<div class=\"elementor-column elementor-col-100 elementor-top-column elementor-element elementor-element-46593402\" data-id=\"46593402\" data-element_type=\"column\">\n\t\t\t<div class=\"elementor-widget-wrap elementor-element-populated\">\n\t\t\t\t\t\t<div class=\"elementor-element elementor-element-4a13587d elementor-widget elementor-widget-spacer\" data-id=\"4a13587d\" data-element_type=\"widget\" data-widget_type=\"spacer.default\">\n\t\t\t\t<div class=\"elementor-widget-container\">\n\t\t\t\t\t<div class=\"elementor-spacer\">\n\t\t\t<div class=\"elementor-spacer-inner\"><\/div>\n\t\t<\/div>\n\t\t\t\t<\/div>\n\t\t\t\t<\/div>\n\t\t\t\t<div class=\"elementor-element elementor-element-56804cd9 elementor-widget elementor-widget-text-editor\" data-id=\"56804cd9\" data-element_type=\"widget\" data-widget_type=\"text-editor.default\">\n\t\t\t\t<div class=\"elementor-widget-container\">\n\t\t\t\t\t\t\t<h3 style=\"text-align: center;\">Test delle pratiche adottate nella gestione dei progetti finalizzato alla personalizzazione del percorso di apprendimento<\/h3>\n\t\t\t\t\t\t<\/div>\n\t\t\t\t<\/div>\n\t\t\t\t<section class=\"elementor-section elementor-inner-section elementor-element elementor-element-290dddbc elementor-section-boxed elementor-section-height-default elementor-section-height-default\" data-id=\"290dddbc\" data-element_type=\"section\" data-settings=\"{&quot;_ha_eqh_enable&quot;:false}\">\n\t\t\t\t\t\t<div class=\"elementor-container elementor-column-gap-default\">\n\t\t\t\t\t<div class=\"elementor-column elementor-col-25 elementor-inner-column elementor-element elementor-element-10df2a60\" data-id=\"10df2a60\" data-element_type=\"column\">\n\t\t\t<div class=\"elementor-widget-wrap\">\n\t\t\t\t\t\t\t<\/div>\n\t\t<\/div>\n\t\t\t\t<div class=\"elementor-column elementor-col-50 elementor-inner-column elementor-element elementor-element-551b1298\" data-id=\"551b1298\" data-element_type=\"column\">\n\t\t\t<div class=\"elementor-widget-wrap elementor-element-populated\">\n\t\t\t\t\t\t<div class=\"elementor-element elementor-element-1bb51bc elementor-widget elementor-widget-image\" data-id=\"1bb51bc\" data-element_type=\"widget\" data-settings=\"{&quot;ha_floating_fx&quot;:&quot;yes&quot;,&quot;ha_floating_fx_translate_toggle&quot;:&quot;yes&quot;,&quot;ha_floating_fx_translate_x&quot;:{&quot;unit&quot;:&quot;px&quot;,&quot;size&quot;:&quot;&quot;,&quot;sizes&quot;:{&quot;from&quot;:-5,&quot;to&quot;:8}},&quot;ha_floating_fx_translate_y&quot;:{&quot;unit&quot;:&quot;px&quot;,&quot;size&quot;:&quot;&quot;,&quot;sizes&quot;:{&quot;from&quot;:-6,&quot;to&quot;:5}},&quot;ha_floating_fx_translate_duration&quot;:{&quot;unit&quot;:&quot;px&quot;,&quot;size&quot;:1000,&quot;sizes&quot;:[]},&quot;ha_floating_fx_translate_delay&quot;:{&quot;unit&quot;:&quot;px&quot;,&quot;size&quot;:&quot;&quot;,&quot;sizes&quot;:[]}}\" data-widget_type=\"image.default\">\n\t\t\t\t<div class=\"elementor-widget-container\">\n\t\t\t\t\t\t\t\t\t\t\t\t\t<img fetchpriority=\"high\" decoding=\"async\" width=\"500\" height=\"500\" src=\"https:\/\/thinktwice.management\/wp-content\/uploads\/2021\/02\/outputs-banner-stress-test@2-1.png\" class=\"attachment-full size-full wp-image-1609\" alt=\"think twice! stress test\" srcset=\"https:\/\/thinktwice.management\/wp-content\/uploads\/2021\/02\/outputs-banner-stress-test@2-1.png 500w, https:\/\/thinktwice.management\/wp-content\/uploads\/2021\/02\/outputs-banner-stress-test@2-1-300x300.png 300w, https:\/\/thinktwice.management\/wp-content\/uploads\/2021\/02\/outputs-banner-stress-test@2-1-150x150.png 150w\" sizes=\"(max-width: 500px) 100vw, 500px\" \/>\t\t\t\t\t\t\t\t\t\t\t\t\t<\/div>\n\t\t\t\t<\/div>\n\t\t\t\t\t<\/div>\n\t\t<\/div>\n\t\t\t\t<div class=\"elementor-column elementor-col-25 elementor-inner-column elementor-element elementor-element-7ff416ec\" data-id=\"7ff416ec\" data-element_type=\"column\">\n\t\t\t<div class=\"elementor-widget-wrap\">\n\t\t\t\t\t\t\t<\/div>\n\t\t<\/div>\n\t\t\t\t\t<\/div>\n\t\t<\/section>\n\t\t\t\t<div class=\"elementor-element elementor-element-7bad0afd elementor-widget elementor-widget-text-editor\" data-id=\"7bad0afd\" data-element_type=\"widget\" data-widget_type=\"text-editor.default\">\n\t\t\t\t<div class=\"elementor-widget-container\">\n\t\t\t\t\t\t\t<p>\u201cQuanto \u00e8 sostenibile la gestione del mio progetto?\u201d \u00e8 un test interattivo basato sui contenuti dello scrigno delle buone pratiche. Il test \u00e8 sviluppato per misurare la sostenibilit\u00e0 del vostro project management. Il test \u00e8 un test fondato sulla gamification. Il risultato del test vi indirizzer\u00e0 verso un percorso di apprendimento su misura per voi, contenente materiale formativo adatto alle vostre esigenze.<\/p>\n\t\t\t\t\t\t<\/div>\n\t\t\t\t<\/div>\n\t\t\t\t\t<\/div>\n\t\t<\/div>\n\t\t\t\t\t<\/div>\n\t\t<\/section>\n\t\t\t\t<section class=\"elementor-section elementor-top-section elementor-element elementor-element-48c0977 elementor-section-boxed elementor-section-height-default elementor-section-height-default\" data-id=\"48c0977\" data-element_type=\"section\" data-settings=\"{&quot;_ha_eqh_enable&quot;:false}\">\n\t\t\t\t\t\t<div class=\"elementor-container elementor-column-gap-default\">\n\t\t\t\t\t<div class=\"elementor-column elementor-col-100 elementor-top-column elementor-element elementor-element-9fb1bbf\" data-id=\"9fb1bbf\" data-element_type=\"column\">\n\t\t\t<div class=\"elementor-widget-wrap elementor-element-populated\">\n\t\t\t\t\t\t<div class=\"elementor-element elementor-element-6bc907c elementor-widget elementor-widget-text-editor\" data-id=\"6bc907c\" data-element_type=\"widget\" data-widget_type=\"text-editor.default\">\n\t\t\t\t<div class=\"elementor-widget-container\">\n\t\t\t\t\t\t\t<iframe src=\"https:\/\/thinktwice.management\/wp-content\/stress_test\/index_it.php\" width=\"1200\" height=\"1200\"><\/iframe>\t\t\t\t\t\t<\/div>\n\t\t\t\t<\/div>\n\t\t\t\t\t<\/div>\n\t\t<\/div>\n\t\t\t\t\t<\/div>\n\t\t<\/section>\n\t\t\t\t<\/div>\n\t\t","protected":false},"excerpt":{"rendered":"<p>Test delle pratiche adottate nella gestione dei progetti finalizzato alla personalizzazione del percorso di apprendimento \u201cQuanto \u00e8 sostenibile la gestione del mio progetto?\u201d \u00e8 un test interattivo basato sui contenuti dello scrigno delle buone pratiche. Il test \u00e8 sviluppato per misurare la sostenibilit\u00e0 del vostro project management. Il test \u00e8 un test fondato sulla gamification. [&hellip;]<\/p>\n","protected":false},"author":2,"featured_media":1281,"parent":0,"menu_order":0,"comment_status":"closed","ping_status":"closed","template":"","meta":{"site-sidebar-layout":"no-sidebar","site-content-layout":"page-builder","ast-site-content-layout":"","site-content-style":"default","site-sidebar-style":"default","ast-global-header-display":"","ast-banner-title-visibility":"","ast-main-header-display":"","ast-hfb-above-header-display":"","ast-hfb-below-header-display":"","ast-hfb-mobile-header-display":"","site-post-title":"disabled","ast-breadcrumbs-content":"","ast-featured-img":"disabled","footer-sml-layout":"","theme-transparent-header-meta":"","adv-header-id-meta":"","stick-header-meta":"","header-above-stick-meta":"","header-main-stick-meta":"","header-below-stick-meta":"","astra-migrate-meta-layouts":"default","ast-page-background-enabled":"default","ast-page-background-meta":{"desktop":{"background-color":"","background-image":"","background-repeat":"repeat","background-position":"center center","background-size":"auto","background-attachment":"scroll","background-type":"","background-media":"","overlay-type":"","overlay-color":"","overlay-opacity":"","overlay-gradient":""},"tablet":{"background-color":"","background-image":"","background-repeat":"repeat","background-position":"center center","background-size":"auto","background-attachment":"scroll","background-type":"","background-media":"","overlay-type":"","overlay-color":"","overlay-opacity":"","overlay-gradient":""},"mobile":{"background-color":"","background-image":"","background-repeat":"repeat","background-position":"center center","background-size":"auto","background-attachment":"scroll","background-type":"","background-media":"","overlay-type":"","overlay-color":"","overlay-opacity":"","overlay-gradient":""}},"ast-content-background-meta":{"desktop":{"background-color":"var(--ast-global-color-5)","background-image":"","background-repeat":"repeat","background-position":"center center","background-size":"auto","background-attachment":"scroll","background-type":"","background-media":"","overlay-type":"","overlay-color":"","overlay-opacity":"","overlay-gradient":""},"tablet":{"background-color":"var(--ast-global-color-5)","background-image":"","background-repeat":"repeat","background-position":"center center","background-size":"auto","background-attachment":"scroll","background-type":"","background-media":"","overlay-type":"","overlay-color":"","overlay-opacity":"","overlay-gradient":""},"mobile":{"background-color":"var(--ast-global-color-5)","background-image":"","background-repeat":"repeat","background-position":"center center","background-size":"auto","background-attachment":"scroll","background-type":"","background-media":"","overlay-type":"","overlay-color":"","overlay-opacity":"","overlay-gradient":""}}},"_links":{"self":[{"href":"https:\/\/thinktwice.management\/it\/wp-json\/wp\/v2\/pages\/1607"}],"collection":[{"href":"https:\/\/thinktwice.management\/it\/wp-json\/wp\/v2\/pages"}],"about":[{"href":"https:\/\/thinktwice.management\/it\/wp-json\/wp\/v2\/types\/page"}],"author":[{"embeddable":true,"href":"https:\/\/thinktwice.management\/it\/wp-json\/wp\/v2\/users\/2"}],"replies":[{"embeddable":true,"href":"https:\/\/thinktwice.management\/it\/wp-json\/wp\/v2\/comments?post=1607"}],"version-history":[{"count":7,"href":"https:\/\/thinktwice.management\/it\/wp-json\/wp\/v2\/pages\/1607\/revisions"}],"predecessor-version":[{"id":4563,"href":"https:\/\/thinktwice.management\/it\/wp-json\/wp\/v2\/pages\/1607\/revisions\/4563"}],"wp:featuredmedia":[{"embeddable":true,"href":"https:\/\/thinktwice.management\/it\/wp-json\/wp\/v2\/media\/1281"}],"wp:attachment":[{"href":"https:\/\/thinktwice.management\/it\/wp-json\/wp\/v2\/media?parent=1607"}],"curies":[{"name":"wp","href":"https:\/\/api.w.org\/{rel}","templated":true}]}}